{"id":64,"date":"2024-12-19T09:16:21","date_gmt":"2024-12-19T09:16:21","guid":{"rendered":"https:\/\/nellafleurs.ehoatelier.com\/?page_id=64"},"modified":"2026-03-10T23:02:00","modified_gmt":"2026-03-10T23:02:00","slug":"about","status":"publish","type":"page","link":"https:\/\/nellafleurs.com\/fr\/about\/","title":{"rendered":"\u00c0 PROPOS"},"content":{"rendered":"<div data-elementor-type=\"wp-page\" data-elementor-id=\"64\" class=\"elementor elementor-64\" data-elementor-post-type=\"page\">\n\t\t\t\t<div class=\"elementor-element elementor-element-932194b e-con-full e-flex e-con e-parent\" data-id=\"932194b\" data-element_type=\"container\" data-e-type=\"container\">\n\t\t\t\t<div class=\"elementor-element elementor-element-ec92d3c elementor-widget elementor-widget-html\" data-id=\"ec92d3c\" data-element_type=\"widget\" data-e-type=\"widget\" data-widget_type=\"html.default\">\n\t\t\t\t<div class=\"elementor-widget-container\">\n\t\t\t\t\t<div class=\"parallax-banner\">\n  <div class=\"parallax-content\">\n    \n  <\/div>\n<\/div>\n\t\t\t\t<\/div>\n\t\t\t\t<\/div>\n\t\t\t\t<\/div>\n\t\t<div class=\"elementor-element elementor-element-5d4f9e1 e-flex e-con-boxed e-con e-parent\" data-id=\"5d4f9e1\" data-element_type=\"container\" data-e-type=\"container\">\n\t\t\t\t\t<div class=\"e-con-inner\">\n\t\t<div class=\"elementor-element elementor-element-b8a491a e-flex e-con-boxed e-con e-child\" data-id=\"b8a491a\" data-element_type=\"container\" data-e-type=\"container\">\n\t\t\t\t\t<div class=\"e-con-inner\">\n\t\t\t\t<div class=\"elementor-element elementor-element-d3d66ed elementor-widget__width-initial elementor-widget-mobile__width-inherit elementor-widget elementor-widget-heading\" data-id=\"d3d66ed\" data-element_type=\"widget\" data-e-type=\"widget\" data-widget_type=\"heading.default\">\n\t\t\t\t<div class=\"elementor-widget-container\">\n\t\t\t\t\t<h2 class=\"elementor-heading-title elementor-size-default\">MON<\/h2>\t\t\t\t<\/div>\n\t\t\t\t<\/div>\n\t\t\t\t<div class=\"elementor-element elementor-element-4aac70c elementor-widget__width-inherit elementor-widget-mobile__width-inherit elementor-widget elementor-widget-heading\" data-id=\"4aac70c\" data-element_type=\"widget\" data-e-type=\"widget\" data-widget_type=\"heading.default\">\n\t\t\t\t<div class=\"elementor-widget-container\">\n\t\t\t\t\t<h2 class=\"elementor-heading-title elementor-size-default\">HISTOIRE<\/h2>\t\t\t\t<\/div>\n\t\t\t\t<\/div>\n\t\t\t\t\t<\/div>\n\t\t\t\t<\/div>\n\t\t\t\t\t<\/div>\n\t\t\t\t<\/div>\n\t\t<div class=\"elementor-element elementor-element-486dc73 e-flex e-con-boxed e-con e-parent\" data-id=\"486dc73\" data-element_type=\"container\" data-e-type=\"container\">\n\t\t\t\t\t<div class=\"e-con-inner\">\n\t\t<div class=\"elementor-element elementor-element-c6b78f0 e-con-full e-flex e-con e-child\" data-id=\"c6b78f0\" data-element_type=\"container\" data-e-type=\"container\">\n\t\t\t\t<div class=\"elementor-element elementor-element-9aa5637 elementor-widget__width-initial elementor-widget-mobile__width-inherit elementor-widget elementor-widget-text-editor\" data-id=\"9aa5637\" data-element_type=\"widget\" data-e-type=\"widget\" data-widget_type=\"text-editor.default\">\n\t\t\t\t<div class=\"elementor-widget-container\">\n\t\t\t\t\t\t\t\t\t<p>MON VOYAGE A COMMENC\u00c9 DANS LE MONDE DE L'ARCHITECTURE ET DU DESIGN D'INT\u00c9RIEUR, O\u00d9 J'AI CULTIV\u00c9 UNE PROFONDE COMPR\u00c9HENSION DE L'ESPACE, DE LA STRUCTURE ET DE L'INTERACTION ENTRE LES TEXTURES, LES COULEURS ET LA LUMI\u00c8RE. CETTE BASE M'A NON SEULEMENT PERMIS D'AFFINER MES COMP\u00c9TENCES TECHNIQUES, MAIS ELLE A AUSSI FA\u00c7ONN\u00c9 MA VISION CR\u00c9ATIVE, ME PERMETTANT DE VOIR LE DESIGN COMME UN ART GLOBAL O\u00d9 CHAQUE \u00c9L\u00c9MENT CONTRIBUE \u00c0 UN ENSEMBLE HARMONIEUX.<\/p>\t\t\t\t\t\t\t\t<\/div>\n\t\t\t\t<\/div>\n\t\t\t\t<div class=\"elementor-element elementor-element-f268c6a elementor-widget__width-initial elementor-widget-mobile__width-inherit elementor-widget elementor-widget-image\" data-id=\"f268c6a\" data-element_type=\"widget\" data-e-type=\"widget\" data-widget_type=\"image.default\">\n\t\t\t\t<div class=\"elementor-widget-container\">\n\t\t\t\t\t\t\t\t\t\t\t\t\t\t\t<img fetchpriority=\"high\" decoding=\"async\" width=\"1600\" height=\"1067\" src=\"https:\/\/nellafleurs.com\/wp-content\/uploads\/2025\/01\/OA-wed-420.jpg\" class=\"attachment-full size-full wp-image-1788\" alt=\"\" srcset=\"https:\/\/nellafleurs.com\/wp-content\/uploads\/2025\/01\/OA-wed-420.jpg 1600w, https:\/\/nellafleurs.com\/wp-content\/uploads\/2025\/01\/OA-wed-420-300x200.jpg 300w, https:\/\/nellafleurs.com\/wp-content\/uploads\/2025\/01\/OA-wed-420-1024x683.jpg 1024w, https:\/\/nellafleurs.com\/wp-content\/uploads\/2025\/01\/OA-wed-420-768x512.jpg 768w, https:\/\/nellafleurs.com\/wp-content\/uploads\/2025\/01\/OA-wed-420-1536x1024.jpg 1536w\" sizes=\"(max-width: 1600px) 100vw, 1600px\" \/>\t\t\t\t\t\t\t\t\t\t\t\t\t\t\t<\/div>\n\t\t\t\t<\/div>\n\t\t\t\t<div class=\"elementor-element elementor-element-0c03372 elementor-widget__width-initial elementor-widget elementor-widget-text-editor\" data-id=\"0c03372\" data-element_type=\"widget\" data-e-type=\"widget\" data-widget_type=\"text-editor.default\">\n\t\t\t\t<div class=\"elementor-widget-container\">\n\t\t\t\t\t\t\t\t\t<p data-pm-slice=\"0 0 []\">CES EXP\u00c9RIENCES M'ONT APPORT\u00c9 DES CONNAISSANCES PR\u00c9CIEUSES SUR LA MANI\u00c8RE DONT LES ENVIRONNEMENTS INFLUENCENT LES \u00c9MOTIONS ET LES EXP\u00c9RIENCES, M'INSPIRANT AINSI \u00c0 CR\u00c9ER DES COMPOSITIONS FLORALES QUI VONT AU-DEL\u00c0 DE L'ESTH\u00c9TIQUE. C'EST POURQUOI JE NE ME CONTENTE PAS DE PROPOSER DES FLEURS \u2014 JE CON\u00c7OIS DES CONCEPTS DE DESIGN ABOUTIS, O\u00d9 CHAQUE D\u00c9TAIL S'ENTRELACE HARMONIEUSEMENT, TRANSFORMANT LES ESPACES EN MOMENTS COH\u00c9RENTS, VIBRANTS ET INOUBLIABLES.<\/p>\t\t\t\t\t\t\t\t<\/div>\n\t\t\t\t<\/div>\n\t\t\t\t<\/div>\n\t\t\t\t<div class=\"elementor-element elementor-element-1bc4d54 elementor-widget__width-initial elementor-widget-mobile__width-inherit elementor-widget elementor-widget-image\" data-id=\"1bc4d54\" data-element_type=\"widget\" data-e-type=\"widget\" data-widget_type=\"image.default\">\n\t\t\t\t<div class=\"elementor-widget-container\">\n\t\t\t\t\t\t\t\t\t\t\t\t\t\t\t<img decoding=\"async\" width=\"742\" height=\"960\" src=\"https:\/\/nellafleurs.com\/wp-content\/uploads\/2025\/01\/11123582_894736717246661_90331401_n.jpg\" class=\"attachment-large size-large wp-image-1781\" alt=\"\" srcset=\"https:\/\/nellafleurs.com\/wp-content\/uploads\/2025\/01\/11123582_894736717246661_90331401_n.jpg 742w, https:\/\/nellafleurs.com\/wp-content\/uploads\/2025\/01\/11123582_894736717246661_90331401_n-232x300.jpg 232w\" sizes=\"(max-width: 742px) 100vw, 742px\" \/>\t\t\t\t\t\t\t\t\t\t\t\t\t\t\t<\/div>\n\t\t\t\t<\/div>\n\t\t\t\t\t<\/div>\n\t\t\t\t<\/div>\n\t\t<div class=\"elementor-element elementor-element-781d4e1 e-flex e-con-boxed e-con e-parent\" data-id=\"781d4e1\" data-element_type=\"container\" data-e-type=\"container\">\n\t\t\t\t\t<div class=\"e-con-inner\">\n\t\t\t\t<div class=\"elementor-element elementor-element-6b30b68 elementor-widget__width-initial elementor-widget-mobile__width-inherit elementor-widget elementor-widget-text-editor\" data-id=\"6b30b68\" data-element_type=\"widget\" data-e-type=\"widget\" data-widget_type=\"text-editor.default\">\n\t\t\t\t<div class=\"elementor-widget-container\">\n\t\t\t\t\t\t\t\t\t<p>TRAVAILLONS ENSEMBLE POUR DONNER VIE \u00c0 VOTRE VISION ET CR\u00c9ER QUELQUE CHOSE DE V\u00c9RITABLEMENT EXTRAORDINAIRE.<\/p>\t\t\t\t\t\t\t\t<\/div>\n\t\t\t\t<\/div>\n\t\t\t\t<div class=\"elementor-element elementor-element-d5cf8ec elementor-widget__width-initial elementor-widget-mobile__width-inherit elementor-widget elementor-widget-text-editor\" data-id=\"d5cf8ec\" data-element_type=\"widget\" data-e-type=\"widget\" data-widget_type=\"text-editor.default\">\n\t\t\t\t<div class=\"elementor-widget-container\">\n\t\t\t\t\t\t\t\t\tSINC\u00c8REMENT,\t\t\t\t\t\t\t\t<\/div>\n\t\t\t\t<\/div>\n\t\t\t\t<div class=\"elementor-element elementor-element-8e06732 elementor-widget__width-initial elementor-widget-mobile__width-inherit elementor-widget elementor-widget-text-editor\" data-id=\"8e06732\" data-element_type=\"widget\" data-e-type=\"widget\" data-widget_type=\"text-editor.default\">\n\t\t\t\t<div class=\"elementor-widget-container\">\n\t\t\t\t\t\t\t\t\t<p><br \/>NELLA FLEURS<\/p>\t\t\t\t\t\t\t\t<\/div>\n\t\t\t\t<\/div>\n\t\t\t\t\t<\/div>\n\t\t\t\t<\/div>\n\t\t<div class=\"elementor-element elementor-element-0f09f21 e-con-full e-flex e-con e-parent\" data-id=\"0f09f21\" data-element_type=\"container\" data-e-type=\"container\">\n\t\t\t\t<div class=\"elementor-element elementor-element-9a01dfc elementor-widget-divider--view-line elementor-widget elementor-widget-divider\" data-id=\"9a01dfc\" data-element_type=\"widget\" data-e-type=\"widget\" data-widget_type=\"divider.default\">\n\t\t\t\t<div class=\"elementor-widget-container\">\n\t\t\t\t\t\t\t<div class=\"elementor-divider\">\n\t\t\t<span class=\"elementor-divider-separator\">\n\t\t\t\t\t\t<\/span>\n\t\t<\/div>\n\t\t\t\t\t\t<\/div>\n\t\t\t\t<\/div>\n\t\t\t\t<div class=\"elementor-element elementor-element-51f70c8 elementor-align-center elementor-widget elementor-widget-button\" data-id=\"51f70c8\" data-element_type=\"widget\" data-e-type=\"widget\" data-widget_type=\"button.default\">\n\t\t\t\t<div class=\"elementor-widget-container\">\n\t\t\t\t\t\t\t\t\t<div class=\"elementor-button-wrapper\">\n\t\t\t\t\t<a class=\"elementor-button elementor-button-link elementor-size-sm\" href=\"https:\/\/nellafleurs.com\/fr\/contact\/\" target=\"_blank\">\n\t\t\t\t\t\t<span class=\"elementor-button-content-wrapper\">\n\t\t\t\t\t\t\t\t\t<span class=\"elementor-button-text\">R\u00c9SERVEZ VOTRE DATE<\/span>\n\t\t\t\t\t<\/span>\n\t\t\t\t\t<\/a>\n\t\t\t\t<\/div>\n\t\t\t\t\t\t\t\t<\/div>\n\t\t\t\t<\/div>\n\t\t\t\t<\/div>\n\t\t\t\t<\/div>","protected":false},"excerpt":{"rendered":"<p>MY STORY My journey began in the world of architecture and interior design, where i cultivated a deep understanding of space, structure, and the interplay of textures, colors, and light. this foundation not only honed my technical skills but also shaped my creative vision, allowing me to see design as a holistic craft where every [&hellip;]<\/p>\n","protected":false},"author":3,"featured_media":0,"parent":0,"menu_order":0,"comment_status":"closed","ping_status":"closed","template":"","meta":{"footnotes":""},"class_list":["post-64","page","type-page","status-publish","hentry"],"yoast_head":"<!-- This site is optimized with the Yoast SEO plugin v27.1.1 - https:\/\/yoast.com\/product\/yoast-seo-wordpress\/ -->\n<title>About Petronela | Nella Fleurs - Floral Designer in Provence<\/title>\n<meta name=\"description\" content=\"With a decade of experience as a floral designer, Petronela brings a couture approach to wedding floral design across Provence.\" \/>\n<meta name=\"robots\" content=\"index, follow, max-snippet:-1, max-image-preview:large, max-video-preview:-1\" \/>\n<link rel=\"canonical\" href=\"https:\/\/nellafleurs.com\/fr\/about\/\" \/>\n<meta property=\"og:locale\" content=\"fr_FR\" \/>\n<meta property=\"og:type\" content=\"article\" \/>\n<meta property=\"og:title\" content=\"About Petronela | Nella Fleurs - Floral Designer in Provence\" \/>\n<meta property=\"og:description\" content=\"With a decade of experience as a floral designer, Petronela brings a couture approach to wedding floral design across Provence.\" \/>\n<meta property=\"og:url\" content=\"https:\/\/nellafleurs.com\/fr\/about\/\" \/>\n<meta property=\"og:site_name\" content=\"nellafleurs\" \/>\n<meta property=\"article:modified_time\" content=\"2026-03-10T23:02:00+00:00\" \/>\n<meta property=\"og:image\" content=\"https:\/\/nellafleurs.com\/wp-content\/uploads\/2025\/01\/OA-wed-420.jpg\" \/>\n<meta name=\"twitter:card\" content=\"summary_large_image\" \/>\n<meta name=\"twitter:label1\" content=\"Dur\u00e9e de lecture estim\u00e9e\" \/>\n\t<meta name=\"twitter:data1\" content=\"1 minute\" \/>\n<script type=\"application\/ld+json\" class=\"yoast-schema-graph\">{\"@context\":\"https:\/\/schema.org\",\"@graph\":[{\"@type\":\"WebPage\",\"@id\":\"https:\/\/nellafleurs.com\/about\/\",\"url\":\"https:\/\/nellafleurs.com\/about\/\",\"name\":\"About Petronela | Nella Fleurs - Floral Designer in Provence\",\"isPartOf\":{\"@id\":\"https:\/\/nellafleurs.com\/#website\"},\"primaryImageOfPage\":{\"@id\":\"https:\/\/nellafleurs.com\/about\/#primaryimage\"},\"image\":{\"@id\":\"https:\/\/nellafleurs.com\/about\/#primaryimage\"},\"thumbnailUrl\":\"https:\/\/nellafleurs.com\/wp-content\/uploads\/2025\/01\/OA-wed-420.jpg\",\"datePublished\":\"2024-12-19T09:16:21+00:00\",\"dateModified\":\"2026-03-10T23:02:00+00:00\",\"description\":\"With a decade of experience as a floral designer, Petronela brings a couture approach to wedding floral design across Provence.\",\"breadcrumb\":{\"@id\":\"https:\/\/nellafleurs.com\/about\/#breadcrumb\"},\"inLanguage\":\"fr-FR\",\"potentialAction\":[{\"@type\":\"ReadAction\",\"target\":[\"https:\/\/nellafleurs.com\/about\/\"]}]},{\"@type\":\"ImageObject\",\"inLanguage\":\"fr-FR\",\"@id\":\"https:\/\/nellafleurs.com\/about\/#primaryimage\",\"url\":\"https:\/\/nellafleurs.com\/wp-content\/uploads\/2025\/01\/OA-wed-420.jpg\",\"contentUrl\":\"https:\/\/nellafleurs.com\/wp-content\/uploads\/2025\/01\/OA-wed-420.jpg\"},{\"@type\":\"BreadcrumbList\",\"@id\":\"https:\/\/nellafleurs.com\/about\/#breadcrumb\",\"itemListElement\":[{\"@type\":\"ListItem\",\"position\":1,\"name\":\"Home\",\"item\":\"https:\/\/nellafleurs.com\/\"},{\"@type\":\"ListItem\",\"position\":2,\"name\":\"About\"}]},{\"@type\":\"WebSite\",\"@id\":\"https:\/\/nellafleurs.com\/#website\",\"url\":\"https:\/\/nellafleurs.com\/\",\"name\":\"nellafleurs\",\"description\":\"\",\"publisher\":{\"@id\":\"https:\/\/nellafleurs.com\/#organization\"},\"potentialAction\":[{\"@type\":\"SearchAction\",\"target\":{\"@type\":\"EntryPoint\",\"urlTemplate\":\"https:\/\/nellafleurs.com\/?s={search_term_string}\"},\"query-input\":{\"@type\":\"PropertyValueSpecification\",\"valueRequired\":true,\"valueName\":\"search_term_string\"}}],\"inLanguage\":\"fr-FR\"},{\"@type\":\"Organization\",\"@id\":\"https:\/\/nellafleurs.com\/#organization\",\"name\":\"nellafleurs\",\"url\":\"https:\/\/nellafleurs.com\/\",\"logo\":{\"@type\":\"ImageObject\",\"inLanguage\":\"fr-FR\",\"@id\":\"https:\/\/nellafleurs.com\/#\/schema\/logo\/image\/\",\"url\":\"https:\/\/nellafleurs.com\/wp-content\/uploads\/2024\/12\/Asset-1.svg\",\"contentUrl\":\"https:\/\/nellafleurs.com\/wp-content\/uploads\/2024\/12\/Asset-1.svg\",\"width\":387,\"height\":381,\"caption\":\"nellafleurs\"},\"image\":{\"@id\":\"https:\/\/nellafleurs.com\/#\/schema\/logo\/image\/\"},\"sameAs\":[\"https:\/\/www.instagram.com\/nella.fleurs\/\"]}]}<\/script>\n<!-- \/ Yoast SEO plugin. -->","yoast_head_json":{"title":"About Petronela | Nella Fleurs - Floral Designer in Provence","description":"With a decade of experience as a floral designer, Petronela brings a couture approach to wedding floral design across Provence.","robots":{"index":"index","follow":"follow","max-snippet":"max-snippet:-1","max-image-preview":"max-image-preview:large","max-video-preview":"max-video-preview:-1"},"canonical":"https:\/\/nellafleurs.com\/fr\/about\/","og_locale":"fr_FR","og_type":"article","og_title":"About Petronela | Nella Fleurs - Floral Designer in Provence","og_description":"With a decade of experience as a floral designer, Petronela brings a couture approach to wedding floral design across Provence.","og_url":"https:\/\/nellafleurs.com\/fr\/about\/","og_site_name":"nellafleurs","article_modified_time":"2026-03-10T23:02:00+00:00","og_image":[{"url":"https:\/\/nellafleurs.com\/wp-content\/uploads\/2025\/01\/OA-wed-420.jpg","type":"","width":"","height":""}],"twitter_card":"summary_large_image","twitter_misc":{"Dur\u00e9e de lecture estim\u00e9e":"1 minute"},"schema":{"@context":"https:\/\/schema.org","@graph":[{"@type":"WebPage","@id":"https:\/\/nellafleurs.com\/about\/","url":"https:\/\/nellafleurs.com\/about\/","name":"About Petronela | Nella Fleurs - Floral Designer in Provence","isPartOf":{"@id":"https:\/\/nellafleurs.com\/#website"},"primaryImageOfPage":{"@id":"https:\/\/nellafleurs.com\/about\/#primaryimage"},"image":{"@id":"https:\/\/nellafleurs.com\/about\/#primaryimage"},"thumbnailUrl":"https:\/\/nellafleurs.com\/wp-content\/uploads\/2025\/01\/OA-wed-420.jpg","datePublished":"2024-12-19T09:16:21+00:00","dateModified":"2026-03-10T23:02:00+00:00","description":"With a decade of experience as a floral designer, Petronela brings a couture approach to wedding floral design across Provence.","breadcrumb":{"@id":"https:\/\/nellafleurs.com\/about\/#breadcrumb"},"inLanguage":"fr-FR","potentialAction":[{"@type":"ReadAction","target":["https:\/\/nellafleurs.com\/about\/"]}]},{"@type":"ImageObject","inLanguage":"fr-FR","@id":"https:\/\/nellafleurs.com\/about\/#primaryimage","url":"https:\/\/nellafleurs.com\/wp-content\/uploads\/2025\/01\/OA-wed-420.jpg","contentUrl":"https:\/\/nellafleurs.com\/wp-content\/uploads\/2025\/01\/OA-wed-420.jpg"},{"@type":"BreadcrumbList","@id":"https:\/\/nellafleurs.com\/about\/#breadcrumb","itemListElement":[{"@type":"ListItem","position":1,"name":"Home","item":"https:\/\/nellafleurs.com\/"},{"@type":"ListItem","position":2,"name":"About"}]},{"@type":"WebSite","@id":"https:\/\/nellafleurs.com\/#website","url":"https:\/\/nellafleurs.com\/","name":"nellafleurs","description":"","publisher":{"@id":"https:\/\/nellafleurs.com\/#organization"},"potentialAction":[{"@type":"SearchAction","target":{"@type":"EntryPoint","urlTemplate":"https:\/\/nellafleurs.com\/?s={search_term_string}"},"query-input":{"@type":"PropertyValueSpecification","valueRequired":true,"valueName":"search_term_string"}}],"inLanguage":"fr-FR"},{"@type":"Organization","@id":"https:\/\/nellafleurs.com\/#organization","name":"nellafleurs","url":"https:\/\/nellafleurs.com\/","logo":{"@type":"ImageObject","inLanguage":"fr-FR","@id":"https:\/\/nellafleurs.com\/#\/schema\/logo\/image\/","url":"https:\/\/nellafleurs.com\/wp-content\/uploads\/2024\/12\/Asset-1.svg","contentUrl":"https:\/\/nellafleurs.com\/wp-content\/uploads\/2024\/12\/Asset-1.svg","width":387,"height":381,"caption":"nellafleurs"},"image":{"@id":"https:\/\/nellafleurs.com\/#\/schema\/logo\/image\/"},"sameAs":["https:\/\/www.instagram.com\/nella.fleurs\/"]}]}},"_links":{"self":[{"href":"https:\/\/nellafleurs.com\/fr\/wp-json\/wp\/v2\/pages\/64","targetHints":{"allow":["GET"]}}],"collection":[{"href":"https:\/\/nellafleurs.com\/fr\/wp-json\/wp\/v2\/pages"}],"about":[{"href":"https:\/\/nellafleurs.com\/fr\/wp-json\/wp\/v2\/types\/page"}],"author":[{"embeddable":true,"href":"https:\/\/nellafleurs.com\/fr\/wp-json\/wp\/v2\/users\/3"}],"replies":[{"embeddable":true,"href":"https:\/\/nellafleurs.com\/fr\/wp-json\/wp\/v2\/comments?post=64"}],"version-history":[{"count":60,"href":"https:\/\/nellafleurs.com\/fr\/wp-json\/wp\/v2\/pages\/64\/revisions"}],"predecessor-version":[{"id":6038,"href":"https:\/\/nellafleurs.com\/fr\/wp-json\/wp\/v2\/pages\/64\/revisions\/6038"}],"wp:attachment":[{"href":"https:\/\/nellafleurs.com\/fr\/wp-json\/wp\/v2\/media?parent=64"}],"curies":[{"name":"wp","href":"https:\/\/api.w.org\/{rel}","templated":true}]}}